{"id":40,"date":"2023-05-14T14:13:24","date_gmt":"2023-05-14T12:13:24","guid":{"rendered":"http:\/\/clapier-ubayen.fr\/?page_id=40"},"modified":"2023-06-16T13:33:35","modified_gmt":"2023-06-16T11:33:35","slug":"contact_maconnerie_ubaye_clapier_ubayen","status":"publish","type":"page","link":"https:\/\/clapier-ubayen.fr\/index.php\/contact_maconnerie_ubaye_clapier_ubayen\/","title":{"rendered":"Contact"},"content":{"rendered":"\t\t<div data-elementor-type=\"wp-page\" data-elementor-id=\"40\" class=\"elementor elementor-40\">\n\t\t\t\t\t\t<section class=\"elementor-section elementor-top-section elementor-element elementor-element-1d3f803 elementor-section-boxed elementor-section-height-default elementor-section-height-default\" data-id=\"1d3f803\" data-element_type=\"section\" data-e-type=\"section\">\n\t\t\t\t\t\t<div class=\"elementor-container elementor-column-gap-default\">\n\t\t\t\t\t<div class=\"elementor-column elementor-col-100 elementor-top-column elementor-element elementor-element-83bdfad\" data-id=\"83bdfad\" data-element_type=\"column\" data-e-type=\"column\">\n\t\t\t<div class=\"elementor-widget-wrap elementor-element-populated\">\n\t\t\t\t\t\t<div class=\"elementor-element elementor-element-44c093e elementor-widget elementor-widget-heading\" data-id=\"44c093e\" data-element_type=\"widget\" data-e-type=\"widget\" data-widget_type=\"heading.default\">\n\t\t\t\t<div class=\"elementor-widget-container\">\n\t\t\t\t\t<h2 class=\"elementor-heading-title elementor-size-large\"><br><br>Contactez-nous ! <br><br><br><\/h2>\t\t\t\t<\/div>\n\t\t\t\t<\/div>\n\t\t\t\t\t<\/div>\n\t\t<\/div>\n\t\t\t\t\t<\/div>\n\t\t<\/section>\n\t\t\t\t<section class=\"elementor-section elementor-top-section elementor-element elementor-element-f853a1b elementor-section-boxed elementor-section-height-default elementor-section-height-default\" data-id=\"f853a1b\" data-element_type=\"section\" data-e-type=\"section\">\n\t\t\t\t\t\t<div class=\"elementor-container elementor-column-gap-default\">\n\t\t\t\t\t<div class=\"elementor-column elementor-col-50 elementor-top-column elementor-element elementor-element-aaf7af6\" data-id=\"aaf7af6\" data-element_type=\"column\" data-e-type=\"column\">\n\t\t\t<div class=\"elementor-widget-wrap elementor-element-populated\">\n\t\t\t\t\t\t<div class=\"elementor-element elementor-element-47a772c elementor-widget elementor-widget-shortcode\" data-id=\"47a772c\" data-element_type=\"widget\" data-e-type=\"widget\" data-widget_type=\"shortcode.default\">\n\t\t\t\t<div class=\"elementor-widget-container\">\n\t\t\t\t\t\t\t<div class=\"elementor-shortcode\">\n<div class=\"wpcf7 no-js\" id=\"wpcf7-f358-o1\" lang=\"fr-FR\" dir=\"ltr\" data-wpcf7-id=\"358\">\n<div class=\"screen-reader-response\"><p role=\"status\" aria-live=\"polite\" aria-atomic=\"true\"><\/p> <ul><\/ul><\/div>\n<form action=\"\/index.php\/wp-json\/wp\/v2\/pages\/40#wpcf7-f358-o1\" method=\"post\" class=\"wpcf7-form init\" aria-label=\"Formulaire de contact\" novalidate=\"novalidate\" data-status=\"init\">\n<fieldset class=\"hidden-fields-container\"><input type=\"hidden\" name=\"_wpcf7\" value=\"358\" \/><input type=\"hidden\" name=\"_wpcf7_version\" value=\"6.1.5\" \/><input type=\"hidden\" name=\"_wpcf7_locale\" value=\"fr_FR\" \/><input type=\"hidden\" name=\"_wpcf7_unit_tag\" value=\"wpcf7-f358-o1\" \/><input type=\"hidden\" name=\"_wpcf7_container_post\" value=\"0\" \/><input type=\"hidden\" name=\"_wpcf7_posted_data_hash\" value=\"\" \/>\n<\/fieldset>\n<p><label> Votre nom*<br \/>\n<span class=\"wpcf7-form-control-wrap\" data-name=\"your-name\"><input size=\"40\" maxlength=\"400\" class=\"wpcf7-form-control wpcf7-text wpcf7-validates-as-required\" autocomplete=\"name\" aria-required=\"true\" aria-invalid=\"false\" value=\"\" type=\"text\" name=\"your-name\" \/><\/span> <\/label>\n<\/p>\n<p><label> Votre e-mail*<br \/>\n<span class=\"wpcf7-form-control-wrap\" data-name=\"your-email\"><input size=\"40\" maxlength=\"400\" class=\"wpcf7-form-control wpcf7-email wpcf7-validates-as-required wpcf7-text wpcf7-validates-as-email\" autocomplete=\"email\" aria-required=\"true\" aria-invalid=\"false\" value=\"\" type=\"email\" name=\"your-email\" \/><\/span> <\/label>\n<\/p>\n<p><label> Votre num\u00e9ro de t\u00e9l\u00e9phone*<br \/>\n<span class=\"wpcf7-form-control-wrap\" data-name=\"your-phone\"><input size=\"40\" maxlength=\"400\" class=\"wpcf7-form-control wpcf7-tel wpcf7-validates-as-required wpcf7-text wpcf7-validates-as-tel\" autocomplete=\"phone\" aria-required=\"true\" aria-invalid=\"false\" value=\"\" type=\"tel\" name=\"your-phone\" \/><\/span> <\/label>\n<\/p>\n<p><label> Objet<br \/>\n<span class=\"wpcf7-form-control-wrap\" data-name=\"your-subject\"><input size=\"40\" maxlength=\"400\" class=\"wpcf7-form-control wpcf7-text wpcf7-validates-as-required\" aria-required=\"true\" aria-invalid=\"false\" value=\"\" type=\"text\" name=\"your-subject\" \/><\/span> <\/label>\n<\/p>\n<p><label> Votre message<br \/>\n<span class=\"wpcf7-form-control-wrap\" data-name=\"your-message\"><textarea cols=\"40\" rows=\"10\" maxlength=\"2000\" class=\"wpcf7-form-control wpcf7-textarea\" aria-invalid=\"false\" name=\"your-message\"><\/textarea><\/span> <\/label>\n<\/p>\n<p><input class=\"wpcf7-form-control wpcf7-submit has-spinner\" type=\"submit\" value=\"Envoyer\" \/>\n<\/p><div class=\"wpcf7-response-output\" aria-hidden=\"true\"><\/div>\n<\/form>\n<\/div>\n<\/div>\n\t\t\t\t\t\t<\/div>\n\t\t\t\t<\/div>\n\t\t\t\t\t<\/div>\n\t\t<\/div>\n\t\t\t\t<div class=\"elementor-column elementor-col-50 elementor-top-column elementor-element elementor-element-fe0f45a\" data-id=\"fe0f45a\" data-element_type=\"column\" data-e-type=\"column\">\n\t\t\t<div class=\"elementor-widget-wrap elementor-element-populated\">\n\t\t\t\t\t\t<div class=\"elementor-element elementor-element-68e5a07 elementor-widget elementor-widget-image\" data-id=\"68e5a07\" data-element_type=\"widget\" data-e-type=\"widget\" data-widget_type=\"image.default\">\n\t\t\t\t<div class=\"elementor-widget-container\">\n\t\t\t\t\t\t\t\t\t\t\t\t\t\t\t<img fetchpriority=\"high\" decoding=\"async\" width=\"1050\" height=\"600\" src=\"https:\/\/clapier-ubayen.fr\/wp-content\/uploads\/2023\/05\/Le-Clapier-Ubayen.png\" class=\"attachment-full size-full wp-image-508\" alt=\"Carte de visite le Clapier Ubayen\" srcset=\"https:\/\/clapier-ubayen.fr\/wp-content\/uploads\/2023\/05\/Le-Clapier-Ubayen.png 1050w, https:\/\/clapier-ubayen.fr\/wp-content\/uploads\/2023\/05\/Le-Clapier-Ubayen-300x171.png 300w, https:\/\/clapier-ubayen.fr\/wp-content\/uploads\/2023\/05\/Le-Clapier-Ubayen-1024x585.png 1024w, https:\/\/clapier-ubayen.fr\/wp-content\/uploads\/2023\/05\/Le-Clapier-Ubayen-768x439.png 768w\" sizes=\"(max-width: 1050px) 100vw, 1050px\" \/>\t\t\t\t\t\t\t\t\t\t\t\t\t\t\t<\/div>\n\t\t\t\t<\/div>\n\t\t\t\t\t<\/div>\n\t\t<\/div>\n\t\t\t\t\t<\/div>\n\t\t<\/section>\n\t\t\t\t<\/div>\n\t\t","protected":false},"excerpt":{"rendered":"<p>Contactez-nous !<\/p>\n","protected":false},"author":1,"featured_media":0,"parent":0,"menu_order":0,"comment_status":"closed","ping_status":"closed","template":"","meta":{"footnotes":""},"class_list":["post-40","page","type-page","status-publish","hentry"],"yoast_head":"<!-- This site is optimized with the Yoast SEO plugin v27.3 - https:\/\/yoast.com\/product\/yoast-seo-wordpress\/ -->\n<title>Contact - Le Clapier Ubayen<\/title>\n<meta name=\"description\" content=\"N&#039;h\u00e9sitez pas \u00e0 nous contacter afin d&#039;obtenir vos devis gratuits de ma\u00e7onnerie g\u00e9n\u00e9rale, enduit et carrelage sur la vall\u00e9e de l&#039;Ubaye.\" \/>\n<meta name=\"robots\" content=\"index, follow, max-snippet:-1, max-image-preview:large, max-video-preview:-1\" \/>\n<link rel=\"canonical\" href=\"https:\/\/clapier-ubayen.fr\/index.php\/contact_maconnerie_ubaye_clapier_ubayen\/\" \/>\n<meta property=\"og:locale\" content=\"en_US\" \/>\n<meta property=\"og:type\" content=\"article\" \/>\n<meta property=\"og:title\" content=\"Contact - Le Clapier Ubayen\" \/>\n<meta property=\"og:description\" content=\"N&#039;h\u00e9sitez pas \u00e0 nous contacter afin d&#039;obtenir vos devis gratuits de ma\u00e7onnerie g\u00e9n\u00e9rale, enduit et carrelage sur la vall\u00e9e de l&#039;Ubaye.\" \/>\n<meta property=\"og:url\" content=\"https:\/\/clapier-ubayen.fr\/index.php\/contact_maconnerie_ubaye_clapier_ubayen\/\" \/>\n<meta property=\"og:site_name\" content=\"Le Clapier Ubayen\" \/>\n<meta property=\"article:modified_time\" content=\"2023-06-16T11:33:35+00:00\" \/>\n<meta property=\"og:image\" content=\"http:\/\/clapier-ubayen.fr\/wp-content\/uploads\/2023\/05\/Le-Clapier-Ubayen.png\" \/>\n<meta name=\"twitter:card\" content=\"summary_large_image\" \/>\n<meta name=\"twitter:label1\" content=\"Est. reading time\" \/>\n\t<meta name=\"twitter:data1\" content=\"1 minute\" \/>\n<script type=\"application\/ld+json\" class=\"yoast-schema-graph\">{\"@context\":\"https:\\\/\\\/schema.org\",\"@graph\":[{\"@type\":\"WebPage\",\"@id\":\"https:\\\/\\\/clapier-ubayen.fr\\\/index.php\\\/contact_maconnerie_ubaye_clapier_ubayen\\\/\",\"url\":\"https:\\\/\\\/clapier-ubayen.fr\\\/index.php\\\/contact_maconnerie_ubaye_clapier_ubayen\\\/\",\"name\":\"Contact - Le Clapier Ubayen\",\"isPartOf\":{\"@id\":\"https:\\\/\\\/clapier-ubayen.fr\\\/#website\"},\"primaryImageOfPage\":{\"@id\":\"https:\\\/\\\/clapier-ubayen.fr\\\/index.php\\\/contact_maconnerie_ubaye_clapier_ubayen\\\/#primaryimage\"},\"image\":{\"@id\":\"https:\\\/\\\/clapier-ubayen.fr\\\/index.php\\\/contact_maconnerie_ubaye_clapier_ubayen\\\/#primaryimage\"},\"thumbnailUrl\":\"http:\\\/\\\/clapier-ubayen.fr\\\/wp-content\\\/uploads\\\/2023\\\/05\\\/Le-Clapier-Ubayen.png\",\"datePublished\":\"2023-05-14T12:13:24+00:00\",\"dateModified\":\"2023-06-16T11:33:35+00:00\",\"description\":\"N'h\u00e9sitez pas \u00e0 nous contacter afin d'obtenir vos devis gratuits de ma\u00e7onnerie g\u00e9n\u00e9rale, enduit et carrelage sur la vall\u00e9e de l'Ubaye.\",\"breadcrumb\":{\"@id\":\"https:\\\/\\\/clapier-ubayen.fr\\\/index.php\\\/contact_maconnerie_ubaye_clapier_ubayen\\\/#breadcrumb\"},\"inLanguage\":\"en-US\",\"potentialAction\":[{\"@type\":\"ReadAction\",\"target\":[\"https:\\\/\\\/clapier-ubayen.fr\\\/index.php\\\/contact_maconnerie_ubaye_clapier_ubayen\\\/\"]}]},{\"@type\":\"ImageObject\",\"inLanguage\":\"en-US\",\"@id\":\"https:\\\/\\\/clapier-ubayen.fr\\\/index.php\\\/contact_maconnerie_ubaye_clapier_ubayen\\\/#primaryimage\",\"url\":\"https:\\\/\\\/clapier-ubayen.fr\\\/wp-content\\\/uploads\\\/2023\\\/05\\\/Le-Clapier-Ubayen.png\",\"contentUrl\":\"https:\\\/\\\/clapier-ubayen.fr\\\/wp-content\\\/uploads\\\/2023\\\/05\\\/Le-Clapier-Ubayen.png\",\"width\":1050,\"height\":600,\"caption\":\"Carte de visite le Clapier Ubayen\"},{\"@type\":\"BreadcrumbList\",\"@id\":\"https:\\\/\\\/clapier-ubayen.fr\\\/index.php\\\/contact_maconnerie_ubaye_clapier_ubayen\\\/#breadcrumb\",\"itemListElement\":[{\"@type\":\"ListItem\",\"position\":1,\"name\":\"Accueil\",\"item\":\"https:\\\/\\\/clapier-ubayen.fr\\\/\"},{\"@type\":\"ListItem\",\"position\":2,\"name\":\"Contact\"}]},{\"@type\":\"WebSite\",\"@id\":\"https:\\\/\\\/clapier-ubayen.fr\\\/#website\",\"url\":\"https:\\\/\\\/clapier-ubayen.fr\\\/\",\"name\":\"Le Clapier Ubayen\",\"description\":\"\",\"publisher\":{\"@id\":\"https:\\\/\\\/clapier-ubayen.fr\\\/#organization\"},\"potentialAction\":[{\"@type\":\"SearchAction\",\"target\":{\"@type\":\"EntryPoint\",\"urlTemplate\":\"https:\\\/\\\/clapier-ubayen.fr\\\/?s={search_term_string}\"},\"query-input\":{\"@type\":\"PropertyValueSpecification\",\"valueRequired\":true,\"valueName\":\"search_term_string\"}}],\"inLanguage\":\"en-US\"},{\"@type\":\"Organization\",\"@id\":\"https:\\\/\\\/clapier-ubayen.fr\\\/#organization\",\"name\":\"Le Clapier Ubayen\",\"url\":\"https:\\\/\\\/clapier-ubayen.fr\\\/\",\"logo\":{\"@type\":\"ImageObject\",\"inLanguage\":\"en-US\",\"@id\":\"https:\\\/\\\/clapier-ubayen.fr\\\/#\\\/schema\\\/logo\\\/image\\\/\",\"url\":\"https:\\\/\\\/clapier-ubayen.fr\\\/wp-content\\\/uploads\\\/2023\\\/05\\\/Logo-Le-Clapier-Ubayen-3.png\",\"contentUrl\":\"https:\\\/\\\/clapier-ubayen.fr\\\/wp-content\\\/uploads\\\/2023\\\/05\\\/Logo-Le-Clapier-Ubayen-3.png\",\"width\":152,\"height\":125,\"caption\":\"Le Clapier Ubayen\"},\"image\":{\"@id\":\"https:\\\/\\\/clapier-ubayen.fr\\\/#\\\/schema\\\/logo\\\/image\\\/\"}}]}<\/script>\n<!-- \/ Yoast SEO plugin. -->","yoast_head_json":{"title":"Contact - Le Clapier Ubayen","description":"N'h\u00e9sitez pas \u00e0 nous contacter afin d'obtenir vos devis gratuits de ma\u00e7onnerie g\u00e9n\u00e9rale, enduit et carrelage sur la vall\u00e9e de l'Ubaye.","robots":{"index":"index","follow":"follow","max-snippet":"max-snippet:-1","max-image-preview":"max-image-preview:large","max-video-preview":"max-video-preview:-1"},"canonical":"https:\/\/clapier-ubayen.fr\/index.php\/contact_maconnerie_ubaye_clapier_ubayen\/","og_locale":"en_US","og_type":"article","og_title":"Contact - Le Clapier Ubayen","og_description":"N'h\u00e9sitez pas \u00e0 nous contacter afin d'obtenir vos devis gratuits de ma\u00e7onnerie g\u00e9n\u00e9rale, enduit et carrelage sur la vall\u00e9e de l'Ubaye.","og_url":"https:\/\/clapier-ubayen.fr\/index.php\/contact_maconnerie_ubaye_clapier_ubayen\/","og_site_name":"Le Clapier Ubayen","article_modified_time":"2023-06-16T11:33:35+00:00","og_image":[{"url":"http:\/\/clapier-ubayen.fr\/wp-content\/uploads\/2023\/05\/Le-Clapier-Ubayen.png","type":"","width":"","height":""}],"twitter_card":"summary_large_image","twitter_misc":{"Est. reading time":"1 minute"},"schema":{"@context":"https:\/\/schema.org","@graph":[{"@type":"WebPage","@id":"https:\/\/clapier-ubayen.fr\/index.php\/contact_maconnerie_ubaye_clapier_ubayen\/","url":"https:\/\/clapier-ubayen.fr\/index.php\/contact_maconnerie_ubaye_clapier_ubayen\/","name":"Contact - Le Clapier Ubayen","isPartOf":{"@id":"https:\/\/clapier-ubayen.fr\/#website"},"primaryImageOfPage":{"@id":"https:\/\/clapier-ubayen.fr\/index.php\/contact_maconnerie_ubaye_clapier_ubayen\/#primaryimage"},"image":{"@id":"https:\/\/clapier-ubayen.fr\/index.php\/contact_maconnerie_ubaye_clapier_ubayen\/#primaryimage"},"thumbnailUrl":"http:\/\/clapier-ubayen.fr\/wp-content\/uploads\/2023\/05\/Le-Clapier-Ubayen.png","datePublished":"2023-05-14T12:13:24+00:00","dateModified":"2023-06-16T11:33:35+00:00","description":"N'h\u00e9sitez pas \u00e0 nous contacter afin d'obtenir vos devis gratuits de ma\u00e7onnerie g\u00e9n\u00e9rale, enduit et carrelage sur la vall\u00e9e de l'Ubaye.","breadcrumb":{"@id":"https:\/\/clapier-ubayen.fr\/index.php\/contact_maconnerie_ubaye_clapier_ubayen\/#breadcrumb"},"inLanguage":"en-US","potentialAction":[{"@type":"ReadAction","target":["https:\/\/clapier-ubayen.fr\/index.php\/contact_maconnerie_ubaye_clapier_ubayen\/"]}]},{"@type":"ImageObject","inLanguage":"en-US","@id":"https:\/\/clapier-ubayen.fr\/index.php\/contact_maconnerie_ubaye_clapier_ubayen\/#primaryimage","url":"https:\/\/clapier-ubayen.fr\/wp-content\/uploads\/2023\/05\/Le-Clapier-Ubayen.png","contentUrl":"https:\/\/clapier-ubayen.fr\/wp-content\/uploads\/2023\/05\/Le-Clapier-Ubayen.png","width":1050,"height":600,"caption":"Carte de visite le Clapier Ubayen"},{"@type":"BreadcrumbList","@id":"https:\/\/clapier-ubayen.fr\/index.php\/contact_maconnerie_ubaye_clapier_ubayen\/#breadcrumb","itemListElement":[{"@type":"ListItem","position":1,"name":"Accueil","item":"https:\/\/clapier-ubayen.fr\/"},{"@type":"ListItem","position":2,"name":"Contact"}]},{"@type":"WebSite","@id":"https:\/\/clapier-ubayen.fr\/#website","url":"https:\/\/clapier-ubayen.fr\/","name":"Le Clapier Ubayen","description":"","publisher":{"@id":"https:\/\/clapier-ubayen.fr\/#organization"},"potentialAction":[{"@type":"SearchAction","target":{"@type":"EntryPoint","urlTemplate":"https:\/\/clapier-ubayen.fr\/?s={search_term_string}"},"query-input":{"@type":"PropertyValueSpecification","valueRequired":true,"valueName":"search_term_string"}}],"inLanguage":"en-US"},{"@type":"Organization","@id":"https:\/\/clapier-ubayen.fr\/#organization","name":"Le Clapier Ubayen","url":"https:\/\/clapier-ubayen.fr\/","logo":{"@type":"ImageObject","inLanguage":"en-US","@id":"https:\/\/clapier-ubayen.fr\/#\/schema\/logo\/image\/","url":"https:\/\/clapier-ubayen.fr\/wp-content\/uploads\/2023\/05\/Logo-Le-Clapier-Ubayen-3.png","contentUrl":"https:\/\/clapier-ubayen.fr\/wp-content\/uploads\/2023\/05\/Logo-Le-Clapier-Ubayen-3.png","width":152,"height":125,"caption":"Le Clapier Ubayen"},"image":{"@id":"https:\/\/clapier-ubayen.fr\/#\/schema\/logo\/image\/"}}]}},"_links":{"self":[{"href":"https:\/\/clapier-ubayen.fr\/index.php\/wp-json\/wp\/v2\/pages\/40","targetHints":{"allow":["GET"]}}],"collection":[{"href":"https:\/\/clapier-ubayen.fr\/index.php\/wp-json\/wp\/v2\/pages"}],"about":[{"href":"https:\/\/clapier-ubayen.fr\/index.php\/wp-json\/wp\/v2\/types\/page"}],"author":[{"embeddable":true,"href":"https:\/\/clapier-ubayen.fr\/index.php\/wp-json\/wp\/v2\/users\/1"}],"replies":[{"embeddable":true,"href":"https:\/\/clapier-ubayen.fr\/index.php\/wp-json\/wp\/v2\/comments?post=40"}],"version-history":[{"count":70,"href":"https:\/\/clapier-ubayen.fr\/index.php\/wp-json\/wp\/v2\/pages\/40\/revisions"}],"predecessor-version":[{"id":1492,"href":"https:\/\/clapier-ubayen.fr\/index.php\/wp-json\/wp\/v2\/pages\/40\/revisions\/1492"}],"wp:attachment":[{"href":"https:\/\/clapier-ubayen.fr\/index.php\/wp-json\/wp\/v2\/media?parent=40"}],"curies":[{"name":"wp","href":"https:\/\/api.w.org\/{rel}","templated":true}]}}